{"id":905,"date":"2024-05-31T21:36:32","date_gmt":"2024-05-31T21:36:32","guid":{"rendered":"https:\/\/www.amurinoatours.pwd-prod2.com\/?page_id=905"},"modified":"2024-06-18T03:42:57","modified_gmt":"2024-06-18T03:42:57","slug":"mentions-legales","status":"publish","type":"page","link":"http:\/\/amurinoatours.com\/en\/mentions-legales\/","title":{"rendered":"Legal Notice"},"content":{"rendered":"\t\t<div data-elementor-type=\"wp-page\" data-elementor-id=\"905\" class=\"elementor elementor-905\" data-elementor-settings=\"{&quot;ha_cmc_init_switcher&quot;:&quot;no&quot;}\" data-elementor-post-type=\"page\">\n\t\t\t\t<div data-particle_enable=\"false\" data-particle-mobile-disabled=\"false\" class=\"elementor-element elementor-element-0e9f900 e-con-full e-flex e-con e-parent\" data-id=\"0e9f900\" data-element_type=\"container\" data-e-type=\"container\" data-settings=\"{&quot;background_background&quot;:&quot;classic&quot;,&quot;_ha_eqh_enable&quot;:false}\">\n\t\t<div data-particle_enable=\"false\" data-particle-mobile-disabled=\"false\" class=\"elementor-element elementor-element-9bbeb74 e-flex e-con-boxed e-con e-child\" data-id=\"9bbeb74\" data-element_type=\"container\" data-e-type=\"container\" data-settings=\"{&quot;_ha_eqh_enable&quot;:false}\">\n\t\t\t\t\t<div class=\"e-con-inner\">\n\t\t\t\t\t<\/div>\n\t\t\t\t<\/div>\n\t\t\t\t<\/div>\n\t\t<div data-particle_enable=\"false\" data-particle-mobile-disabled=\"false\" class=\"elementor-element elementor-element-a7e1738 e-flex e-con-boxed e-con e-parent\" data-id=\"a7e1738\" data-element_type=\"container\" data-e-type=\"container\" data-settings=\"{&quot;background_background&quot;:&quot;classic&quot;,&quot;_ha_eqh_enable&quot;:false}\">\n\t\t\t\t\t<div class=\"e-con-inner\">\n\t\t\t\t<div class=\"elementor-element elementor-element-a24ec62 elementor-widget elementor-widget-heading\" data-id=\"a24ec62\" data-element_type=\"widget\" data-e-type=\"widget\" data-widget_type=\"heading.default\">\n\t\t\t\t<div class=\"elementor-widget-container\">\n\t\t\t\t\t<h2 class=\"elementor-heading-title elementor-size-default\">Mentions l\u00e9gales<\/h2>\t\t\t\t<\/div>\n\t\t\t\t<\/div>\n\t\t\t\t<div class=\"elementor-element elementor-element-b131a08 elementor-widget elementor-widget-text-editor\" data-id=\"b131a08\" data-element_type=\"widget\" data-e-type=\"widget\" data-widget_type=\"text-editor.default\">\n\t\t\t\t<div class=\"elementor-widget-container\">\n\t\t\t\t\t\t\t\t\t<div class=\"ql-block\" data-block-id=\"block-3b1c403b-e63a-4652-a7e5-b875488b4eca\"><span style=\"color: #000000;\">Contact : A MURI NOA TOURS<\/span><\/div><div class=\"ql-block\" data-block-id=\"block-00355e5e-c5c3-4811-98a0-f2b8a22198ae\"><span style=\"color: #000000;\">Immatricul\u00e9e : N\u00b0 TAHITI :\u00a0 63378<\/span><\/div><div class=\"ql-block\" data-block-id=\"block-d17c616f-ec44-4f30-96e8-407ed6aba247\"><span style=\"color: #000000;\">Si\u00e8ge social : Huahine<\/span><\/div><div class=\"ql-block\" data-block-id=\"block-65335d6e-81cc-4793-88ad-a7479aaa9bb1\"><span style=\"color: #000000;\">En vertu de l\u2019article 6 de la loi n\u00b0 2004-575 du 21 juin 2004 pour<\/span><\/div><div class=\"ql-block\" data-block-id=\"block-ffbf7989-5049-4b4b-a93b-a0672da634c5\"><span style=\"color: #000000;\">la confiance dans l\u2019\u00e9conomie num\u00e9rique, il est pr\u00e9cis\u00e9 aux utilisateurs du site<\/span><\/div><div class=\"ql-block\" data-block-id=\"block-81b55258-c74e-4764-8d9b-d7412d727ab6\"><span style=\"color: #000000;\"><a class=\"ql-link\" style=\"color: #000000;\" href=\"http:\/\/amurinoatours.com\" target=\"_blank\" rel=\"noopener noreferrer\">amurinoatours.com<\/a> l\u2019identit\u00e9 des diff\u00e9rents intervenants dans le cadre de sa<\/span><\/div><div class=\"ql-block\" data-block-id=\"block-2b250a77-3801-4381-9eb0-2b336aef9f53\"><span style=\"color: #000000;\">r\u00e9alisation et de son suivi :<\/span><\/div><div class=\"ql-block\" data-block-id=\"block-3d70dcac-5590-4f4c-98ed-51a0c006bae6\"><span style=\"color: #000000;\">Propri\u00e9taire : A MURI NOA TOURS | N\u00b0 RC : \/| N\u00b0 TAHITI : 63378 | Polyn\u00e9sie Fran\u00e7aise<\/span><\/div><div class=\"ql-block\" data-block-id=\"block-4384ae7f-7f89-451c-ab55-7b739dc12104\"><span style=\"color: #000000;\">Cr\u00e9ateur : Cr\u00e9aPassion | Entreprise individuelle | N\u00b0 TAHITI 871897| 98713 Papeete<\/span><\/div><div class=\"ql-block\" data-block-id=\"block-33510a51-ff88-4b83-b45d-dee3c701ad00\"><span style=\"color: #000000;\">Responsable publication Johnny Giau &#8211; | <a class=\"ql-link\" style=\"color: #000000;\" href=\"http:\/\/amurinoatours.com\" target=\"_blank\" rel=\"noopener noreferrer\">amurinoatours.com<\/a> \/ +689 87 29 77 97 \/ <a class=\"ql-link\" style=\"color: #000000;\" href=\"mailto:johnnygiau54@gmail.com\" target=\"_blank\" rel=\"noopener noreferrer\">johnnygiau54@gmail.com<\/a><\/span><\/div><div class=\"ql-block\" data-block-id=\"block-ccb31ffd-cfd5-401d-9c3b-7aec8a40740a\"><span style=\"color: #000000;\">Le responsable publication est une personne physique ou une personne morale.<\/span><\/div><div class=\"ql-block\" data-block-id=\"block-e697e696-170e-4796-b97b-69397d43a3c5\"><span style=\"color: #000000;\">Webmaster : Cr\u00e9aPassion |<\/span><\/div><div class=\"ql-block\" data-block-id=\"block-a45b142a-1bf5-4ba3-b832-1cdbe2fe8836\"><span style=\"color: #000000;\">info[at]<a class=\"ql-link\" style=\"color: #000000;\" href=\"http:\/\/crea-passion.pf\" target=\"_blank\" rel=\"noopener noreferrer\">crea-passion.pf<\/a><\/span><\/div><div class=\"ql-block\" data-block-id=\"block-ebef0411-1ee2-440d-99c3-2ef411bf5113\"><span style=\"color: #000000;\">H\u00e9bergeur : o2Switch<\/span><\/div>\t\t\t\t\t\t\t\t<\/div>\n\t\t\t\t<\/div>\n\t\t\t\t\t<\/div>\n\t\t\t\t<\/div>\n\t\t\t\t<\/div>\n\t\t","protected":false},"excerpt":{"rendered":"<p>Mentions l\u00e9gales Contact : A MURI NOA TOURSImmatricul\u00e9e : N\u00b0 TAHITI :\u00a0 63378Si\u00e8ge social : HuahineEn vertu de l\u2019article 6 de la loi n\u00b0 2004-575 du 21 juin 2004 pourla confiance dans l\u2019\u00e9conomie num\u00e9rique, il est pr\u00e9cis\u00e9 aux utilisateurs du siteamurinoatours.com l\u2019identit\u00e9 des diff\u00e9rents intervenants dans le cadre de sar\u00e9alisation et de son suivi :Propri\u00e9taire [&hellip;]<\/p>\n","protected":false},"author":1,"featured_media":0,"parent":0,"menu_order":0,"comment_status":"closed","ping_status":"closed","template":"","meta":{"_acf_changed":false,"footnotes":""},"class_list":["post-905","page","type-page","status-publish","hentry"],"acf":[],"yoast_head":"<!-- This site is optimized with the Yoast SEO plugin v27.5 - https:\/\/yoast.com\/product\/yoast-seo-wordpress\/ -->\n<title>Mentions l\u00e9gales - A MURI NOA TOURS<\/title>\n<meta name=\"robots\" content=\"index, follow, max-snippet:-1, max-image-preview:large, max-video-preview:-1\" \/>\n<link rel=\"canonical\" href=\"https:\/\/amurinoatours.com\/en\/mentions-legales\/\" \/>\n<meta property=\"og:locale\" content=\"en_US\" \/>\n<meta property=\"og:type\" content=\"article\" \/>\n<meta property=\"og:title\" content=\"Mentions l\u00e9gales - A MURI NOA TOURS\" \/>\n<meta property=\"og:description\" content=\"Mentions l\u00e9gales Contact : A MURI NOA TOURSImmatricul\u00e9e : N\u00b0 TAHITI :\u00a0 63378Si\u00e8ge social : HuahineEn vertu de l\u2019article 6 de la loi n\u00b0 2004-575 du 21 juin 2004 pourla confiance dans l\u2019\u00e9conomie num\u00e9rique, il est pr\u00e9cis\u00e9 aux utilisateurs du siteamurinoatours.com l\u2019identit\u00e9 des diff\u00e9rents intervenants dans le cadre de sar\u00e9alisation et de son suivi :Propri\u00e9taire [&hellip;]\" \/>\n<meta property=\"og:url\" content=\"https:\/\/amurinoatours.com\/en\/mentions-legales\/\" \/>\n<meta property=\"og:site_name\" content=\"A MURI NOA TOURS\" \/>\n<meta property=\"article:modified_time\" content=\"2024-06-18T03:42:57+00:00\" \/>\n<meta name=\"twitter:card\" content=\"summary_large_image\" \/>\n<meta name=\"twitter:label1\" content=\"Est. reading time\" \/>\n\t<meta name=\"twitter:data1\" content=\"1 minute\" \/>\n<script type=\"application\/ld+json\" class=\"yoast-schema-graph\">{\"@context\":\"https:\\\/\\\/schema.org\",\"@graph\":[{\"@type\":\"WebPage\",\"@id\":\"https:\\\/\\\/amurinoatours.com\\\/en\\\/mentions-legales\\\/\",\"url\":\"https:\\\/\\\/amurinoatours.com\\\/en\\\/mentions-legales\\\/\",\"name\":\"Mentions l\u00e9gales - A MURI NOA TOURS\",\"isPartOf\":{\"@id\":\"https:\\\/\\\/amurinoatours.com\\\/#website\"},\"datePublished\":\"2024-05-31T21:36:32+00:00\",\"dateModified\":\"2024-06-18T03:42:57+00:00\",\"breadcrumb\":{\"@id\":\"https:\\\/\\\/amurinoatours.com\\\/en\\\/mentions-legales\\\/#breadcrumb\"},\"inLanguage\":\"en-US\",\"potentialAction\":[{\"@type\":\"ReadAction\",\"target\":[\"https:\\\/\\\/amurinoatours.com\\\/en\\\/mentions-legales\\\/\"]}]},{\"@type\":\"BreadcrumbList\",\"@id\":\"https:\\\/\\\/amurinoatours.com\\\/en\\\/mentions-legales\\\/#breadcrumb\",\"itemListElement\":[{\"@type\":\"ListItem\",\"position\":1,\"name\":\"Accueil\",\"item\":\"https:\\\/\\\/amurinoatours.com\\\/\"},{\"@type\":\"ListItem\",\"position\":2,\"name\":\"Mentions l\u00e9gales\"}]},{\"@type\":\"WebSite\",\"@id\":\"https:\\\/\\\/amurinoatours.com\\\/#website\",\"url\":\"https:\\\/\\\/amurinoatours.com\\\/\",\"name\":\"A MURI NOA TOURS\",\"description\":\"Une journ\u00e9e inoubliable dans les nuances de bleu du lagon  de Huahine!\",\"publisher\":{\"@id\":\"https:\\\/\\\/amurinoatours.com\\\/#organization\"},\"potentialAction\":[{\"@type\":\"SearchAction\",\"target\":{\"@type\":\"EntryPoint\",\"urlTemplate\":\"https:\\\/\\\/amurinoatours.com\\\/?s={search_term_string}\"},\"query-input\":{\"@type\":\"PropertyValueSpecification\",\"valueRequired\":true,\"valueName\":\"search_term_string\"}}],\"inLanguage\":\"en-US\"},{\"@type\":\"Organization\",\"@id\":\"https:\\\/\\\/amurinoatours.com\\\/#organization\",\"name\":\"A MURI NOA TOURS\",\"url\":\"https:\\\/\\\/amurinoatours.com\\\/\",\"logo\":{\"@type\":\"ImageObject\",\"inLanguage\":\"en-US\",\"@id\":\"https:\\\/\\\/amurinoatours.com\\\/#\\\/schema\\\/logo\\\/image\\\/\",\"url\":\"https:\\\/\\\/amurinoatours.com\\\/wp-content\\\/uploads\\\/2024\\\/05\\\/Logo-A-Muri-Noa-Tours-V6.png\",\"contentUrl\":\"https:\\\/\\\/amurinoatours.com\\\/wp-content\\\/uploads\\\/2024\\\/05\\\/Logo-A-Muri-Noa-Tours-V6.png\",\"width\":2560,\"height\":2560,\"caption\":\"A MURI NOA TOURS\"},\"image\":{\"@id\":\"https:\\\/\\\/amurinoatours.com\\\/#\\\/schema\\\/logo\\\/image\\\/\"}}]}<\/script>\n<!-- \/ Yoast SEO plugin. -->","yoast_head_json":{"title":"Mentions l\u00e9gales - A MURI NOA TOURS","robots":{"index":"index","follow":"follow","max-snippet":"max-snippet:-1","max-image-preview":"max-image-preview:large","max-video-preview":"max-video-preview:-1"},"canonical":"https:\/\/amurinoatours.com\/en\/mentions-legales\/","og_locale":"en_US","og_type":"article","og_title":"Mentions l\u00e9gales - A MURI NOA TOURS","og_description":"Mentions l\u00e9gales Contact : A MURI NOA TOURSImmatricul\u00e9e : N\u00b0 TAHITI :\u00a0 63378Si\u00e8ge social : HuahineEn vertu de l\u2019article 6 de la loi n\u00b0 2004-575 du 21 juin 2004 pourla confiance dans l\u2019\u00e9conomie num\u00e9rique, il est pr\u00e9cis\u00e9 aux utilisateurs du siteamurinoatours.com l\u2019identit\u00e9 des diff\u00e9rents intervenants dans le cadre de sar\u00e9alisation et de son suivi :Propri\u00e9taire [&hellip;]","og_url":"https:\/\/amurinoatours.com\/en\/mentions-legales\/","og_site_name":"A MURI NOA TOURS","article_modified_time":"2024-06-18T03:42:57+00:00","twitter_card":"summary_large_image","twitter_misc":{"Est. reading time":"1 minute"},"schema":{"@context":"https:\/\/schema.org","@graph":[{"@type":"WebPage","@id":"https:\/\/amurinoatours.com\/en\/mentions-legales\/","url":"https:\/\/amurinoatours.com\/en\/mentions-legales\/","name":"Mentions l\u00e9gales - A MURI NOA TOURS","isPartOf":{"@id":"https:\/\/amurinoatours.com\/#website"},"datePublished":"2024-05-31T21:36:32+00:00","dateModified":"2024-06-18T03:42:57+00:00","breadcrumb":{"@id":"https:\/\/amurinoatours.com\/en\/mentions-legales\/#breadcrumb"},"inLanguage":"en-US","potentialAction":[{"@type":"ReadAction","target":["https:\/\/amurinoatours.com\/en\/mentions-legales\/"]}]},{"@type":"BreadcrumbList","@id":"https:\/\/amurinoatours.com\/en\/mentions-legales\/#breadcrumb","itemListElement":[{"@type":"ListItem","position":1,"name":"Accueil","item":"https:\/\/amurinoatours.com\/"},{"@type":"ListItem","position":2,"name":"Mentions l\u00e9gales"}]},{"@type":"WebSite","@id":"https:\/\/amurinoatours.com\/#website","url":"https:\/\/amurinoatours.com\/","name":"A MURI NOA TOURS","description":"Une journ\u00e9e inoubliable dans les nuances de bleu du lagon  de Huahine!","publisher":{"@id":"https:\/\/amurinoatours.com\/#organization"},"potentialAction":[{"@type":"SearchAction","target":{"@type":"EntryPoint","urlTemplate":"https:\/\/amurinoatours.com\/?s={search_term_string}"},"query-input":{"@type":"PropertyValueSpecification","valueRequired":true,"valueName":"search_term_string"}}],"inLanguage":"en-US"},{"@type":"Organization","@id":"https:\/\/amurinoatours.com\/#organization","name":"A MURI NOA TOURS","url":"https:\/\/amurinoatours.com\/","logo":{"@type":"ImageObject","inLanguage":"en-US","@id":"https:\/\/amurinoatours.com\/#\/schema\/logo\/image\/","url":"https:\/\/amurinoatours.com\/wp-content\/uploads\/2024\/05\/Logo-A-Muri-Noa-Tours-V6.png","contentUrl":"https:\/\/amurinoatours.com\/wp-content\/uploads\/2024\/05\/Logo-A-Muri-Noa-Tours-V6.png","width":2560,"height":2560,"caption":"A MURI NOA TOURS"},"image":{"@id":"https:\/\/amurinoatours.com\/#\/schema\/logo\/image\/"}}]}},"_links":{"self":[{"href":"http:\/\/amurinoatours.com\/en\/wp-json\/wp\/v2\/pages\/905","targetHints":{"allow":["GET"]}}],"collection":[{"href":"http:\/\/amurinoatours.com\/en\/wp-json\/wp\/v2\/pages"}],"about":[{"href":"http:\/\/amurinoatours.com\/en\/wp-json\/wp\/v2\/types\/page"}],"author":[{"embeddable":true,"href":"http:\/\/amurinoatours.com\/en\/wp-json\/wp\/v2\/users\/1"}],"replies":[{"embeddable":true,"href":"http:\/\/amurinoatours.com\/en\/wp-json\/wp\/v2\/comments?post=905"}],"version-history":[{"count":0,"href":"http:\/\/amurinoatours.com\/en\/wp-json\/wp\/v2\/pages\/905\/revisions"}],"wp:attachment":[{"href":"http:\/\/amurinoatours.com\/en\/wp-json\/wp\/v2\/media?parent=905"}],"curies":[{"name":"wp","href":"https:\/\/api.w.org\/{rel}","templated":true}]}}